{"id":312,"date":"2017-10-26T20:34:58","date_gmt":"2017-10-26T20:34:58","guid":{"rendered":"https:\/\/freezl.pl\/blog\/?page_id=312"},"modified":"2018-11-14T12:55:19","modified_gmt":"2018-11-14T12:55:19","slug":"wez-1000-zl-za-darmo-oferta-wazna-tylko-do-31-pazdziernika","status":"publish","type":"page","link":"https:\/\/freezl.pl\/blog\/wez-1000-zl-za-darmo-oferta-wazna-tylko-do-31-pazdziernika","title":{"rendered":"We\u017a 1000 z\u0142 ZA DARMO &#8211;  oferta wa\u017cna tylko do 31 pa\u017adziernika"},"content":{"rendered":"<p>\u015awietna wiadomo\u015b\u0107! Tylko do 31 pa\u017adziernika Freezl uruchomi\u0142 promocj\u0119 z okazji Halloween. <strong>Ka\u017cdy nowy klient<\/strong> mo\u017ce z\u0142o\u017cy\u0107 wniosek o po\u017cyczk\u0119 do 1 000 z\u0142 ca\u0142kowicie za darmo!<\/p>\n<p><strong>Podziel si\u0119 wiadomo\u015bci\u0105 ze znajomymi<\/strong>, by\u0107 mo\u017ce, oni pilnie potrzebuj\u0105 pomocy finansowej. Zaplanuj Sw\u00f3j niezapomniany Halloween! Pospiesz si\u0119, z\u0142\u00f3\u017c wniosek do ko\u0144ca pa\u017adziernika i oszcz\u0119d\u017a na oprocentowaniu.<\/p>\n<h2 style=\"text-align: center;\">We\u017a 1000 z\u0142 do 31 pa\u017adziernika = oddaj 1000 z\u0142 w ustalonym terminie, 0%!<\/h2>\n<p><a href=\"https:\/\/freezl.pl\/Registration\"><img loading=\"lazy\" decoding=\"async\" class=\"aligncenter wp-image-313 size-full\" src=\"https:\/\/freezl.pl\/blog\/wp-content\/uploads\/2017\/10\/banner-blog.png\" alt=\"We\u017a 1000 z\u0142 ZA DARMO -  oferta wa\u017cna tylko do 31 pa\u017adziernika  \" width=\"600\" height=\"400\" srcset=\"https:\/\/freezl.pl\/blog\/wp-content\/uploads\/2017\/10\/banner-blog.png 600w, https:\/\/freezl.pl\/blog\/wp-content\/uploads\/2017\/10\/banner-blog-300x200.png 300w, https:\/\/freezl.pl\/blog\/wp-content\/uploads\/2017\/10\/banner-blog-219x146.png 219w, https:\/\/freezl.pl\/blog\/wp-content\/uploads\/2017\/10\/banner-blog-50x33.png 50w, https:\/\/freezl.pl\/blog\/wp-content\/uploads\/2017\/10\/banner-blog-113x75.png 113w\" sizes=\"auto, (max-width: 600px) 100vw, 600px\" \/><\/a><\/p>\n","protected":false},"excerpt":{"rendered":"<p>\u015awietna wiadomo\u015b\u0107! Tylko do 31 pa\u017adziernika Freezl uruchomi\u0142 promocj\u0119 z okazji Halloween. Ka\u017cdy nowy klient mo\u017ce z\u0142o\u017cy\u0107 wniosek o po\u017cyczk\u0119 do 1 000 z\u0142 ca\u0142kowicie za<span class=\"excerpt-hellip\"> [\u2026]<\/span><\/p>\n","protected":false},"author":2,"featured_media":314,"parent":0,"menu_order":0,"comment_status":"closed","ping_status":"closed","template":"","meta":{"footnotes":""},"class_list":["post-312","page","type-page","status-publish","has-post-thumbnail","hentry"],"_links":{"self":[{"href":"https:\/\/freezl.pl\/blog\/wp-json\/wp\/v2\/pages\/312","targetHints":{"allow":["GET"]}}],"collection":[{"href":"https:\/\/freezl.pl\/blog\/wp-json\/wp\/v2\/pages"}],"about":[{"href":"https:\/\/freezl.pl\/blog\/wp-json\/wp\/v2\/types\/page"}],"author":[{"embeddable":true,"href":"https:\/\/freezl.pl\/blog\/wp-json\/wp\/v2\/users\/2"}],"replies":[{"embeddable":true,"href":"https:\/\/freezl.pl\/blog\/wp-json\/wp\/v2\/comments?post=312"}],"version-history":[{"count":1,"href":"https:\/\/freezl.pl\/blog\/wp-json\/wp\/v2\/pages\/312\/revisions"}],"predecessor-version":[{"id":315,"href":"https:\/\/freezl.pl\/blog\/wp-json\/wp\/v2\/pages\/312\/revisions\/315"}],"wp:featuredmedia":[{"embeddable":true,"href":"https:\/\/freezl.pl\/blog\/wp-json\/wp\/v2\/media\/314"}],"wp:attachment":[{"href":"https:\/\/freezl.pl\/blog\/wp-json\/wp\/v2\/media?parent=312"}],"curies":[{"name":"wp","href":"https:\/\/api.w.org\/{rel}","templated":true}]}}